{"id":165,"date":"2018-03-23T11:16:17","date_gmt":"2018-03-23T11:16:17","guid":{"rendered":"http:\/\/themestuning.com\/demo\/586913\/?page_id=165"},"modified":"2021-09-03T10:24:20","modified_gmt":"2021-09-03T08:24:20","slug":"where-we-work","status":"publish","type":"page","link":"https:\/\/www.bastapocoodv.it\/?page_id=165","title":{"rendered":"Chi ci supporta"},"content":{"rendered":"<style scoped>.box-182 .box-primary{background-image:url(https:\/\/www.bastapocoodv.it\/wp-content\/uploads\/2018\/03\/whatwedo-02.jpg);background-repeat:no-repeat;background-position:center;background-attachment:scroll;background-size:cover;}<\/style><div class=\"cherry-box box-182\"><div class=\"box-primary inner\">\n<section class=\"context-dark section-94\"><div class=\"row\"  ><div class=\"container\"><div class=\"row \"  >\n<div class=\"col-xs-12\">\n<h2 class=\"text-md-right\">PERCH\u00c9 DIVENTARE <br class=\"veil reveal-md-block\" \/>VOLONTARIO?<\/h2>\n<\/div>\n<\/div><\/div><\/div>\n<div class=\"row text-md-left\"  ><div class=\"container\"><div class=\"row \"  >\n<div class=\"col-xs-12 col-sm-6 col-md-4\">\n<h3 class=\"text-spacing-25\">Crescere insieme<\/h3>\n<div class=\"p reveal-inline-block offset-top-25 bigp\">I volontari sono la struttura portante della nostra organizzazione, ed \u00e8 necessario siano preparati cos\u00ec da apportare la corretta assistenza fisica e psicologica alle persone malate ed i loro familiari. Il corso \u00e8 fatto per fornire tutte le informazioni sulle attivit\u00e0 a cui si parteciper\u00e0, come svolgerle ed anche per rafforzare i concetti d\u2019empatia, maturit\u00e0 ed impegno.<\/div>\n<\/div>\n<div class=\"col-xs-12 col-sm-6 col-md-4 offset-top-52 offset-sm-top-0\">\n<h3 class=\"text-spacing-25\">Un\u2019attivit\u00e0 per ogni attitudine<\/h3>\n<div class=\"p reveal-inline-block offset-top-25 bigp\">Le attivit\u00e0 di sostegno di BastaPoco sono molteplici, condividendo la nostra mission potrai scoprire o approfondire le tue predisposizioni. Dall\u2019assistenza alle persone, all\u2019attivit\u00e0 organizzativa e di comunicazione, iniziative promozionali fino al pi\u00f9 semplice ma fondamentale conforto nell\u2019aggravamento e nel lutto. Abbiamo bisogno di te!<\/div>\n<\/div>\n<div class=\"col-xs-12 col-sm-8 col-md-4 offset-top-52 offset-md-top-0\">\n<h3 class=\"text-spacing-25\">Responsabilit\u00e0 sociale<\/h3>\n<div class=\"p reveal-inline-block offset-top-25 bigp\">L\u2019atto di beneficenza pi\u00f9 grande che si possa fare \u00e8 regalare il proprio tempo, la propria energia ed il proprio sorriso a chi ha bisogno di un sostegno concreto.<\/div>\n<\/div>\n<\/div><\/div><\/div>\n<\/section>\n<\/div><\/div>\n<div class=\"cherry-swiper-carousel-container\"><section id=\"cherry-swiper-carousel-1\" class=\"cherry-swiper-carousel swiper-container template-swiper_carousel_4 text-md-left\" data-post-per-page=\"10\" data-slides-per-view=\"4\" data-slides-per-group=\"1\" data-slides-per-column=\"1\" data-space-between-slides=\"0\" data-duration-speed=\"300\" data-swiper-loop=\"1\" data-free-mode=\"\" data-grab-cursor=\"1\" data-mouse-wheel=\"\" data-centered-slide=\"\" data-swiper-effect=\"slide\" data-uniq-id=\"swiper-carousel-1\"><div class=\"swiper-wrapper\"><article class=\"cherry-swiper-carousel-slide swiper-slide post-item item-0 odd\"><div class=\"inner clearfix\"><div class=\"item\"><div class=\"thumbnail\"><div class=\"post-excerpt\"><div><a href=\"#\"><img decoding=\"async\" loading=\"lazy\" src=\"\/wp-content\/uploads\/2018\/05\/copertina2.jpg\" width=\"513\" height=\"497\" alt=\"\" class=\"img-responsive\"><\/a><\/div>\n<p><!-- \n\n<div><a href=\"#\" class=\"caption\">\n\n<h3 style=\"color: #a9f1d5;\">13,644 <br class='veil reveal-md-block'>projects <br class='veil reveal-md-block'>funded<\/h3>\n\n<\/a><\/div>\n\n --><\/p>\n<\/div><\/div><\/div><\/div><\/article><!--\/.cherry-swiper-carousel-item--><article class=\"cherry-swiper-carousel-slide swiper-slide post-item item-1 even\"><div class=\"inner clearfix\"><div class=\"item\"><div class=\"thumbnail\"><div class=\"post-excerpt\"><div><a href=\"#\"><img decoding=\"async\" loading=\"lazy\" src=\"\/wp-content\/uploads\/2018\/05\/marzo.jpg\" width=\"513\" height=\"497\" alt=\"\" class=\"img-responsive\"><\/a><\/div>\n<p><!-- \n\n<div><a href=\"#\" class=\"caption\">\n\n<h3 style=\"color: #ebe9c7;\">4,600,000 <br class='veil reveal-md-block'>people <br class='veil reveal-md-block'>got help<\/h3>\n\n<\/a><\/div>\n\n --><\/p>\n<\/div><\/div><\/div><\/div><\/article><!--\/.cherry-swiper-carousel-item--><article class=\"cherry-swiper-carousel-slide swiper-slide post-item item-2 odd\"><div class=\"inner clearfix\"><div class=\"item\"><div class=\"thumbnail\"><div class=\"post-excerpt\"><div><a href=\"#\"><img decoding=\"async\" loading=\"lazy\" src=\"\/wp-content\/uploads\/2018\/05\/aprile.jpg\" width=\"513\" height=\"497\" alt=\"\" class=\"img-responsive\"><\/a><\/div>\n<p><!-- \n\n<div><a href=\"#\" class=\"caption\">\n\n<h3 class=\"text-danger\">314 <br class='veil reveal-md-block'>local <br class='veil reveal-md-block'>partners <\/h3>\n\n<\/a><\/div>\n\n --><\/p>\n<\/div><\/div><\/div><\/div><\/article><!--\/.cherry-swiper-carousel-item--><article class=\"cherry-swiper-carousel-slide swiper-slide post-item item-3 even\"><div class=\"inner clearfix\"><div class=\"item\"><div class=\"thumbnail\"><div class=\"post-excerpt\"><div><a href=\"#\"><img decoding=\"async\" loading=\"lazy\" src=\"\/wp-content\/uploads\/2018\/05\/giugno2.jpg\" width=\"513\" height=\"497\" alt=\"\" class=\"img-responsive\"><\/a><\/div>\n<p><!-- \n\n<div><a href=\"#\" class=\"caption\">\n\n<h3 class=\"text-royal\">22 <br class='veil reveal-md-block'>countries <br class='veil reveal-md-block'>participate<\/h3>\n\n<\/a><\/div>\n\n --><\/p>\n<\/div><\/div><\/div><\/div><\/article><!--\/.cherry-swiper-carousel-item--><\/div><\/section><\/div>\n<style scoped>.box-781 .box-primary{background-image:url(\/wp-content\/uploads\/2018\/04\/gruppo-stavolta3.png);background-repeat:no-repeat;background-position:center;background-attachment:scroll;background-size:cover;}<\/style><div class=\"cherry-box box-781\"><div class=\"box-primary inner\">\n<section class=\"context-dark section-94\"><div class=\"row text-md-left\"  ><div class=\"container\"><div class=\"row \"  >\n<div class=\"col-xs-12 col-sm-12 col-md-7 col-lg-8 offset-top-0\">\n<h1 class=\"text-uppercase\">TESTIMONIAL:<a class=\"text-carnation\" href=\"https:\/\/www.facebook.com\/stavoltamiamogliemimandaafunk\/\">GLI STAVOLTA<\/a><\/h1>\n<\/div>\n<div class=\"col-xs-12 col-sm-12 col-md-5 col-lg-4 text-spacing-25\">\n<a class=\"text-carnation\" href=\"https:\/\/www.facebook.com\/stavoltamiamogliemimandaafunk\/\"><img decoding=\"async\" class=\"aligncenter size-thumbnail wp-image-379\" src=\"\/wp-content\/uploads\/2018\/04\/stavolta.png\" alt=\"\" width=\"300\" border=\"0\" \/><\/a><\/p>\n<\/div>\n<\/div><\/div><\/div>\n<\/section>\n<\/div><\/div>\n<p><!-- [cherry_box preset=\"primary\" bg_image=\"https:\/\/www.bastapocoodv.it\/wp-content\/uploads\/2018\/03\/where-06.jpg\" bg_size=\"cover\"]\n\n\n\n<section class=\"context-dark section-94 section-xl-top-206\">\n[cherry_row type=\"fixed-width\" class=\"text-md-left\"]\n[cherry_col size_xs=\"12\" size_sm=\"12\" size_md=\"12\" size_lg=\"6\" offset_xs=\"none\" offset_sm=\"none\" offset_md=\"none\" offset_lg=\"6\"]\n\n\n<h1 class=\"h1 text-md-right\"><span class=\"text-md-nowrap text-bittersweet\">How we <\/span><span class=\"text-warning reveal-md-block\">work <\/span><\/h1>\n\n\n[\/cherry_col]\n[cherry_col size_xs=\"12\" size_sm=\"12\" size_md=\"12\" size_lg=\"12\" class=\"offset-top-40\"][\/cherry_col]\n[cherry_col size_xs=\"12\" size_sm=\"12\" size_md=\"7\" size_lg=\"5\" offset_xs=\"none\" offset_sm=\"none\" offset_md=\"5\" offset_lg=\"7\" class=\"offset-top-0\"]\n\n\n<div class=\"p\">As an international charity organization, we concentrate our work on helping needy families and children in the North and South America, Europe, Asia, Australia and other corners of the world. Our volunteers make all efforts to improve the well-being of citizens living in various poor regions, while also cooperating with local governments to make these changes long-term.<\/div>\n\n\n\n\n<div class=\"link\"><a href=\"#\" class=\"text-bittersweet link offset-top-10\">read more<\/a><\/div>\n\n\n[\/cherry_col]\n[\/cherry_row]\n<\/section>\n\n[\/cherry_box] \/\/--><\/p>\n","protected":false},"excerpt":{"rendered":"","protected":false},"author":3,"featured_media":0,"parent":0,"menu_order":0,"comment_status":"closed","ping_status":"closed","template":"templates\/page-fullwidth.php","meta":[],"_links":{"self":[{"href":"https:\/\/www.bastapocoodv.it\/index.php?rest_route=\/wp\/v2\/pages\/165"}],"collection":[{"href":"https:\/\/www.bastapocoodv.it\/index.php?rest_route=\/wp\/v2\/pages"}],"about":[{"href":"https:\/\/www.bastapocoodv.it\/index.php?rest_route=\/wp\/v2\/types\/page"}],"author":[{"embeddable":true,"href":"https:\/\/www.bastapocoodv.it\/index.php?rest_route=\/wp\/v2\/users\/3"}],"replies":[{"embeddable":true,"href":"https:\/\/www.bastapocoodv.it\/index.php?rest_route=%2Fwp%2Fv2%2Fcomments&post=165"}],"version-history":[{"count":24,"href":"https:\/\/www.bastapocoodv.it\/index.php?rest_route=\/wp\/v2\/pages\/165\/revisions"}],"predecessor-version":[{"id":1491,"href":"https:\/\/www.bastapocoodv.it\/index.php?rest_route=\/wp\/v2\/pages\/165\/revisions\/1491"}],"wp:attachment":[{"href":"https:\/\/www.bastapocoodv.it\/index.php?rest_route=%2Fwp%2Fv2%2Fmedia&parent=165"}],"curies":[{"name":"wp","href":"https:\/\/api.w.org\/{rel}","templated":true}]}}